{"id":3079,"date":"2025-06-10T00:22:47","date_gmt":"2025-06-09T22:22:47","guid":{"rendered":"https:\/\/phoenix.sandboxpro.de\/duurzaamheid\/"},"modified":"2025-08-20T15:41:35","modified_gmt":"2025-08-20T13:41:35","slug":"duurzaamheid","status":"publish","type":"page","link":"https:\/\/www.phoenix-hotel.de\/nl\/duurzaamheid\/","title":{"rendered":"Duurzaamheid"},"content":{"rendered":"\t\t<div data-elementor-type=\"wp-page\" data-elementor-id=\"3079\" class=\"elementor elementor-3079 elementor-1573\" data-elementor-post-type=\"page\">\n\t\t\t\t<div class=\"elementor-element elementor-element-f302bf9 e-con-full e-flex e-con e-parent\" data-id=\"f302bf9\" data-element_type=\"container\" data-e-type=\"container\" data-settings=\"{&quot;background_background&quot;:&quot;classic&quot;,&quot;jet_parallax_layout_list&quot;:[]}\">\n\t\t<div class=\"elementor-element elementor-element-a31f771 e-con-full e-flex e-con e-child\" data-id=\"a31f771\" data-element_type=\"container\" data-e-type=\"container\" data-settings=\"{&quot;background_background&quot;:&quot;video&quot;,&quot;jet_parallax_layout_list&quot;:[],&quot;background_video_link&quot;:&quot;https:\\\/\\\/www.phoenix-hotel.de\\\/wp-content\\\/uploads\\\/2025\\\/06\\\/1425505_Wellbeing_Raining_1920x1080.mp4&quot;,&quot;background_play_on_mobile&quot;:&quot;yes&quot;,&quot;sticky&quot;:&quot;top&quot;,&quot;sticky_offset_mobile&quot;:80,&quot;sticky_offset&quot;:14,&quot;sticky_on&quot;:[&quot;desktop&quot;,&quot;laptop&quot;,&quot;tablet&quot;,&quot;mobile&quot;],&quot;sticky_effects_offset&quot;:0,&quot;sticky_anchor_link_offset&quot;:0}\">\n\t\t<div class=\"elementor-background-video-container\">\n\t\t\t\t\t\t\t<video class=\"elementor-background-video-hosted\" role=\"presentation\" autoplay muted playsinline loop><\/video>\n\t\t\t\t\t<\/div>\t\t<\/div>\n\t\t\t\t<\/div>\n\t\t<div class=\"elementor-element elementor-element-5c70130 e-flex e-con-boxed e-con e-parent\" data-id=\"5c70130\" data-element_type=\"container\" data-e-type=\"container\" data-settings=\"{&quot;background_background&quot;:&quot;classic&quot;,&quot;jet_parallax_layout_list&quot;:[],&quot;motion_fx_motion_fx_scrolling&quot;:&quot;yes&quot;,&quot;motion_fx_devices&quot;:[&quot;desktop&quot;,&quot;laptop&quot;,&quot;tablet&quot;,&quot;mobile&quot;]}\">\n\t\t\t\t\t<div class=\"e-con-inner\">\n\t\t\t\t<div class=\"elementor-element elementor-element-3ac56ed animated-slow elementor-hidden-mobile elementor-invisible elementor-widget elementor-widget-heading\" data-id=\"3ac56ed\" data-element_type=\"widget\" data-e-type=\"widget\" data-settings=\"{&quot;_animation&quot;:&quot;fadeInLeft&quot;}\" data-widget_type=\"heading.default\">\n\t\t\t\t\t<h2 class=\"elementor-heading-title elementor-size-default\">Wij geven om ons milieu<\/h2>\t\t\t\t<\/div>\n\t\t\t\t<div class=\"elementor-element elementor-element-6bc437e elementor-widget__width-initial animated-slow elementor-invisible elementor-widget elementor-widget-heading\" data-id=\"6bc437e\" data-element_type=\"widget\" data-e-type=\"widget\" data-settings=\"{&quot;_animation&quot;:&quot;fadeIn&quot;}\" data-widget_type=\"heading.default\">\n\t\t\t\t\t<h1 class=\"elementor-heading-title elementor-size-default\">Duurzaamheid<\/h1>\t\t\t\t<\/div>\n\t\t\t\t<div class=\"elementor-element elementor-element-dff2f11 animated-slow elementor-hidden-mobile elementor-view-default elementor-invisible elementor-widget elementor-widget-icon\" data-id=\"dff2f11\" data-element_type=\"widget\" data-e-type=\"widget\" data-settings=\"{&quot;_animation&quot;:&quot;zoomIn&quot;}\" data-widget_type=\"icon.default\">\n\t\t\t\t\t\t\t<div class=\"elementor-icon-wrapper\">\n\t\t\t<div class=\"elementor-icon\">\n\t\t\t<svg aria-hidden=\"true\" class=\"e-font-icon-svg e-fas-chevron-down\" viewBox=\"0 0 448 512\" xmlns=\"http:\/\/www.w3.org\/2000\/svg\"><path d=\"M207.029 381.476L12.686 187.132c-9.373-9.373-9.373-24.569 0-33.941l22.667-22.667c9.357-9.357 24.522-9.375 33.901-.04L224 284.505l154.745-154.021c9.379-9.335 24.544-9.317 33.901.04l22.667 22.667c9.373 9.373 9.373 24.569 0 33.941L240.971 381.476c-9.373 9.372-24.569 9.372-33.942 0z\"><\/path><\/svg>\t\t\t<\/div>\n\t\t<\/div>\n\t\t\t\t\t\t<\/div>\n\t\t\t\t<div class=\"elementor-element elementor-element-97e4993 elementor-widget__width-initial animated-slow elementor-invisible elementor-widget elementor-widget-text-editor\" data-id=\"97e4993\" data-element_type=\"widget\" data-e-type=\"widget\" data-settings=\"{&quot;_animation&quot;:&quot;fadeIn&quot;,&quot;motion_fx_motion_fx_scrolling&quot;:&quot;yes&quot;,&quot;motion_fx_translateY_effect&quot;:&quot;yes&quot;,&quot;motion_fx_translateY_speed&quot;:{&quot;unit&quot;:&quot;px&quot;,&quot;size&quot;:5.3,&quot;sizes&quot;:[]},&quot;motion_fx_translateY_affectedRange&quot;:{&quot;unit&quot;:&quot;%&quot;,&quot;size&quot;:&quot;&quot;,&quot;sizes&quot;:{&quot;start&quot;:0,&quot;end&quot;:100}},&quot;motion_fx_devices&quot;:[&quot;desktop&quot;,&quot;laptop&quot;,&quot;tablet&quot;,&quot;mobile&quot;]}\" data-widget_type=\"text-editor.default\">\n\t\t\t\t\t\t\t\t\t<p>Om ervoor te zorgen dat we ook in de toekomst van de prachtige omgeving kunnen blijven genieten, hechten we veel belang aan duurzaamheid. Onze warmtekrachtcentrale (WKK) zet gas om in elektriciteit voor eigen gebruik van het PH\u00d6NIX Hotel en zorgt bijvoorbeeld ook voor de verwarming van het zwembad. Daarnaast zijn er fotovolta\u00efsche systemen ge\u00efnstalleerd op onze daken, die zonne-energie omzetten in energie.  <\/p><p>Om de elektriciteit nog verder te verminderen en zo het milieu te beschermen, hebben we geen minibar meer in alle kamers, maar een drankautomaat op de middelste verdieping. We proberen ook om het zonder badslippers te doen, omdat deze voor een drastische toename van ons afval zorgen. Maar als u uw eigen slippers niet mee wilt nemen, dan hebben we er een paar voor u bij de receptie. Om hulpbronnen te besparen, schakelen onze sauna&#8217;s na een uur automatisch uit als ze niet gebruikt worden. We gebruiken ook al ongeveer 50 procent LED&#8217;s. Dit zullen we in de toekomst blijven uitbreiden.     <\/p><p><br>Bovendien schakelt onze sauna automatisch uit na \u00e9\u00e9n uur inactiviteit. Wij hechten ook veel belang aan het verminderen van papierverbruik. Ons werk in het PH\u00d6NIX Hotel is steeds meer papierloos. We besteden ook veel aandacht aan het scheiden van afval en het verminderen van verpakkingen, zodat we bijvoorbeeld een verpakkingsvrij ontbijtbuffet aanbieden.<br>Lokale producten van lokale leveranciers zijn belangrijk voor ons, zodat we ook voor het milieu kunnen zorgen en onze omgeving kunnen ondersteunen.   <\/p><p>En als klap op de vuurpijl kregen we dit jaar opnieuw het duurzaamheidszegel van het Duitse Instituut voor Duurzaamheid &amp; Economie.<\/p>\t\t\t\t\t\t\t\t<\/div>\n\t\t\t\t\t<\/div>\n\t\t\t\t<\/div>\n\t\t\t\t<\/div>\n\t\t","protected":false},"excerpt":{"rendered":"<p>Wij geven om ons milieu Duurzaamheid Om ervoor te zorgen dat we ook in de toekomst van de prachtige omgeving kunnen blijven genieten, hechten we veel belang aan duurzaamheid. Onze warmtekrachtcentrale (WKK) zet gas om in elektriciteit voor eigen gebruik van het PH\u00d6NIX Hotel en zorgt bijvoorbeeld ook voor de verwarming van het zwembad. Daarnaast [&hellip;]<\/p>\n","protected":false},"author":1,"featured_media":0,"parent":0,"menu_order":0,"comment_status":"closed","ping_status":"closed","template":"elementor_theme","meta":{"footnotes":""},"class_list":["post-3079","page","type-page","status-publish","hentry"],"_links":{"self":[{"href":"https:\/\/www.phoenix-hotel.de\/nl\/wp-json\/wp\/v2\/pages\/3079","targetHints":{"allow":["GET"]}}],"collection":[{"href":"https:\/\/www.phoenix-hotel.de\/nl\/wp-json\/wp\/v2\/pages"}],"about":[{"href":"https:\/\/www.phoenix-hotel.de\/nl\/wp-json\/wp\/v2\/types\/page"}],"author":[{"embeddable":true,"href":"https:\/\/www.phoenix-hotel.de\/nl\/wp-json\/wp\/v2\/users\/1"}],"replies":[{"embeddable":true,"href":"https:\/\/www.phoenix-hotel.de\/nl\/wp-json\/wp\/v2\/comments?post=3079"}],"version-history":[{"count":1,"href":"https:\/\/www.phoenix-hotel.de\/nl\/wp-json\/wp\/v2\/pages\/3079\/revisions"}],"predecessor-version":[{"id":3084,"href":"https:\/\/www.phoenix-hotel.de\/nl\/wp-json\/wp\/v2\/pages\/3079\/revisions\/3084"}],"wp:attachment":[{"href":"https:\/\/www.phoenix-hotel.de\/nl\/wp-json\/wp\/v2\/media?parent=3079"}],"curies":[{"name":"wp","href":"https:\/\/api.w.org\/{rel}","templated":true}]}}